{"id":10839,"date":"2020-11-19T18:40:40","date_gmt":"2020-11-19T17:40:40","guid":{"rendered":"https:\/\/www.cinquiemesens.com\/individual-clients\/coworking\/"},"modified":"2021-07-29T08:55:11","modified_gmt":"2021-07-29T07:55:11","slug":"coworking","status":"publish","type":"page","link":"https:\/\/www.cinquiemesens.com\/en\/individual-clients\/coworking\/","title":{"rendered":"Coworking"},"content":{"rendered":"\t\t<div data-elementor-type=\"wp-page\" data-elementor-id=\"10839\" class=\"elementor elementor-10839 elementor-10132\" data-elementor-post-type=\"page\">\n\t\t\t\t\t\t<div class=\"elementor-section elementor-top-section elementor-element elementor-element-760c4689 elementor-section-stretched elementor-section-content-middle elementor-section-boxed elementor-section-height-default elementor-section-height-default\" data-id=\"760c4689\" data-element_type=\"section\" data-settings=\"{&quot;stretch_section&quot;:&quot;section-stretched&quot;}\">\n\t\t\t\t\t\t<div class=\"elementor-container elementor-column-gap-no\">\n\t\t\t\t\t<div class=\"elementor-column elementor-col-50 elementor-top-column elementor-element elementor-element-6ecec55d\" data-id=\"6ecec55d\" data-element_type=\"column\">\n\t\t\t<div class=\"elementor-widget-wrap elementor-element-populated\">\n\t\t\t\t\t\t<div class=\"elementor-element elementor-element-5c0519a4 elementor-absolute elementor-hidden-phone elementor-invisible elementor-widget elementor-widget-spacer\" data-id=\"5c0519a4\" data-element_type=\"widget\" data-settings=\"{&quot;_position&quot;:&quot;absolute&quot;,&quot;_animation&quot;:&quot;fadeInUp&quot;,&quot;_animation_delay&quot;:&quot;100&quot;}\" data-widget_type=\"spacer.default\">\n\t\t\t\t<div class=\"elementor-widget-container\">\n\t\t\t\t\t\t\t<div class=\"elementor-spacer\">\n\t\t\t<div class=\"elementor-spacer-inner\"><\/div>\n\t\t<\/div>\n\t\t\t\t\t\t<\/div>\n\t\t\t\t<\/div>\n\t\t\t\t<div class=\"elementor-element elementor-element-49346ad6 elementor-invisible elementor-widget elementor-widget-image\" data-id=\"49346ad6\" data-element_type=\"widget\" data-settings=\"{&quot;_animation&quot;:&quot;fadeInUp&quot;,&quot;_animation_delay&quot;:&quot;100&quot;}\" data-widget_type=\"image.default\">\n\t\t\t\t<div class=\"elementor-widget-container\">\n\t\t\t\t\t\t\t\t\t\t\t\t\t\t\t<img fetchpriority=\"high\" decoding=\"async\" width=\"1707\" height=\"2560\" src=\"https:\/\/www.cinquiemesens.com\/wp-content\/uploads\/5s-coworking-9638-scaled-1.jpg\" class=\"attachment-full size-full wp-image-9875\" alt=\"\" srcset=\"https:\/\/www.cinquiemesens.com\/wp-content\/uploads\/5s-coworking-9638-scaled-1.jpg 1707w, https:\/\/www.cinquiemesens.com\/wp-content\/uploads\/5s-coworking-9638-scaled-1-768x1152.jpg 768w, https:\/\/www.cinquiemesens.com\/wp-content\/uploads\/5s-coworking-9638-scaled-1-1024x1536.jpg 1024w, https:\/\/www.cinquiemesens.com\/wp-content\/uploads\/5s-coworking-9638-scaled-1-1366x2048.jpg 1366w, https:\/\/www.cinquiemesens.com\/wp-content\/uploads\/5s-coworking-9638-scaled-1-200x300.jpg 200w, https:\/\/www.cinquiemesens.com\/wp-content\/uploads\/5s-coworking-9638-scaled-1-683x1024.jpg 683w\" sizes=\"(max-width: 1707px) 100vw, 1707px\" \/>\t\t\t\t\t\t\t\t\t\t\t\t\t\t\t<\/div>\n\t\t\t\t<\/div>\n\t\t\t\t\t<\/div>\n\t\t<\/div>\n\t\t\t\t<div class=\"elementor-column elementor-col-50 elementor-top-column elementor-element elementor-element-6f578bcf\" data-id=\"6f578bcf\" data-element_type=\"column\">\n\t\t\t<div class=\"elementor-widget-wrap elementor-element-populated\">\n\t\t\t\t\t\t<div class=\"elementor-element elementor-element-530cede2 elementor-invisible elementor-widget elementor-widget-heading\" data-id=\"530cede2\" data-element_type=\"widget\" data-settings=\"{&quot;_animation&quot;:&quot;fadeInUp&quot;}\" data-widget_type=\"heading.default\">\n\t\t\t\t<div class=\"elementor-widget-container\">\n\t\t\t\t\t<h2 class=\"elementor-heading-title elementor-size-default\">Work, Smell and Formulate<\/h2>\t\t\t\t<\/div>\n\t\t\t\t<\/div>\n\t\t\t\t<div class=\"elementor-element elementor-element-2cb3f5d elementor-widget-divider--view-line_icon elementor-widget-divider--element-align-left elementor-view-default elementor-invisible elementor-widget elementor-widget-divider\" data-id=\"2cb3f5d\" data-element_type=\"widget\" data-settings=\"{&quot;_animation&quot;:&quot;fadeInUp&quot;,&quot;_animation_delay&quot;:&quot;50&quot;}\" data-widget_type=\"divider.default\">\n\t\t\t\t<div class=\"elementor-widget-container\">\n\t\t\t\t\t\t\t<div class=\"elementor-divider\">\n\t\t\t<span class=\"elementor-divider-separator\">\n\t\t\t\t\t\t\t<div class=\"elementor-icon elementor-divider__element\">\n\t\t\t\t\t<i aria-hidden=\"true\" class=\"icon icon-logo-5esens-black\"><\/i><\/div>\n\t\t\t\t\t\t<\/span>\n\t\t<\/div>\n\t\t\t\t\t\t<\/div>\n\t\t\t\t<\/div>\n\t\t\t\t<div class=\"elementor-element elementor-element-4ec7c422 elementor-invisible elementor-widget elementor-widget-text-editor\" data-id=\"4ec7c422\" data-element_type=\"widget\" data-settings=\"{&quot;_animation&quot;:&quot;fadeInUp&quot;,&quot;_animation_delay&quot;:&quot;100&quot;}\" data-widget_type=\"text-editor.default\">\n\t\t\t\t<div class=\"elementor-widget-container\">\n\t\t\t\t\t\t\t\t\t<p>An innovative, unique, accessible space where you can smell, learn and formulate.<\/p>\n<p>At the foot of the Eiffel Tower, enjoy three different coworking packages with flexible hourly, weekly or monthly rates.<\/p>\n\t\t\t\t\t\t\t\t<\/div>\n\t\t\t\t<\/div>\n\t\t\t\t\t<\/div>\n\t\t<\/div>\n\t\t\t\t\t<\/div>\n\t\t<\/div>\n\t\t\t\t<div class=\"elementor-section elementor-top-section elementor-element elementor-element-6ec45dfc elementor-section-stretched elementor-section-full_width elementor-section-height-default elementor-section-height-default\" data-id=\"6ec45dfc\" data-element_type=\"section\" data-settings=\"{&quot;stretch_section&quot;:&quot;section-stretched&quot;}\">\n\t\t\t\t\t\t<div class=\"elementor-container elementor-column-gap-default\">\n\t\t\t\t\t<div class=\"elementor-column elementor-col-100 elementor-top-column elementor-element elementor-element-74f6ae47\" data-id=\"74f6ae47\" data-element_type=\"column\">\n\t\t\t<div class=\"elementor-widget-wrap elementor-element-populated\">\n\t\t\t\t\t\t<div class=\"elementor-section elementor-inner-section elementor-element elementor-element-7186d45f elementor-section-boxed elementor-section-height-default elementor-section-height-default\" data-id=\"7186d45f\" data-element_type=\"section\">\n\t\t\t\t\t\t<div class=\"elementor-container elementor-column-gap-wide\">\n\t\t\t\t\t<div class=\"elementor-column elementor-col-33 elementor-inner-column elementor-element elementor-element-81b4fa7 elementor-invisible\" data-id=\"81b4fa7\" data-element_type=\"column\" data-settings=\"{&quot;animation&quot;:&quot;fadeInUp&quot;}\">\n\t\t\t<div class=\"elementor-widget-wrap elementor-element-populated\">\n\t\t\t\t\t\t<div class=\"elementor-element elementor-element-65f84544 elementor-widget elementor-widget-image\" data-id=\"65f84544\" data-element_type=\"widget\" data-widget_type=\"image.default\">\n\t\t\t\t<div class=\"elementor-widget-container\">\n\t\t\t\t\t\t\t\t\t\t\t\t\t\t\t<img decoding=\"async\" src=\"https:\/\/www.cinquiemesens.com\/wp-content\/uploads\/olfawork.svg\" class=\"attachment-large size-large wp-image-9876\" alt=\"\" \/>\t\t\t\t\t\t\t\t\t\t\t\t\t\t\t<\/div>\n\t\t\t\t<\/div>\n\t\t\t\t<div class=\"elementor-element elementor-element-1d7a2dcb elementor-widget elementor-widget-heading\" data-id=\"1d7a2dcb\" data-element_type=\"widget\" data-widget_type=\"heading.default\">\n\t\t\t\t<div class=\"elementor-widget-container\">\n\t\t\t\t\t<h3 class=\"elementor-heading-title elementor-size-default\">Olfawork<\/h3>\t\t\t\t<\/div>\n\t\t\t\t<\/div>\n\t\t\t\t<div class=\"elementor-element elementor-element-9343e9a elementor-widget elementor-widget-text-editor\" data-id=\"9343e9a\" data-element_type=\"widget\" data-widget_type=\"text-editor.default\">\n\t\t\t\t<div class=\"elementor-widget-container\">\n\t\t\t\t\t\t\t\t\t<p>Choose between office or counter spaces for a quiet or relaxed work environment with an internet connection. Bonus: access the expanded Olfath\u00e8que\u00ae database, for members&#8217; use only.<\/p>\n\t\t\t\t\t\t\t\t<\/div>\n\t\t\t\t<\/div>\n\t\t\t\t<div class=\"elementor-element elementor-element-6d80a1d7 elementor-align-center elementor-invisible elementor-widget elementor-widget-button\" data-id=\"6d80a1d7\" data-element_type=\"widget\" data-settings=\"{&quot;_animation&quot;:&quot;fadeInUp&quot;,&quot;_animation_delay&quot;:&quot;350&quot;}\" data-widget_type=\"button.default\">\n\t\t\t\t<div class=\"elementor-widget-container\">\n\t\t\t\t\t\t\t\t\t<div class=\"elementor-button-wrapper\">\n\t\t\t\t\t<a class=\"elementor-button elementor-button-link elementor-size-sm\" href=\"https:\/\/www.cinquiemesens.com\/en\/shop\/coworking-en-2\/olfawork-1h\/\">\n\t\t\t\t\t\t<span class=\"elementor-button-content-wrapper\">\n\t\t\t\t\t\t\t\t\t<span class=\"elementor-button-text\">View the Olfawork package<\/span>\n\t\t\t\t\t<\/span>\n\t\t\t\t\t<\/a>\n\t\t\t\t<\/div>\n\t\t\t\t\t\t\t\t<\/div>\n\t\t\t\t<\/div>\n\t\t\t\t\t<\/div>\n\t\t<\/div>\n\t\t\t\t<div class=\"elementor-column elementor-col-33 elementor-inner-column elementor-element elementor-element-fae901b elementor-invisible\" data-id=\"fae901b\" data-element_type=\"column\" data-settings=\"{&quot;animation&quot;:&quot;fadeInUp&quot;,&quot;animation_delay&quot;:&quot;100&quot;}\">\n\t\t\t<div class=\"elementor-widget-wrap elementor-element-populated\">\n\t\t\t\t\t\t<div class=\"elementor-element elementor-element-2a8beaaf elementor-widget elementor-widget-image\" data-id=\"2a8beaaf\" data-element_type=\"widget\" data-widget_type=\"image.default\">\n\t\t\t\t<div class=\"elementor-widget-container\">\n\t\t\t\t\t\t\t\t\t\t\t\t\t\t\t<img decoding=\"async\" src=\"https:\/\/www.cinquiemesens.com\/wp-content\/uploads\/olfaction.svg\" class=\"attachment-large size-large wp-image-9877\" alt=\"\" \/>\t\t\t\t\t\t\t\t\t\t\t\t\t\t\t<\/div>\n\t\t\t\t<\/div>\n\t\t\t\t<div class=\"elementor-element elementor-element-75a4c17e elementor-widget elementor-widget-heading\" data-id=\"75a4c17e\" data-element_type=\"widget\" data-widget_type=\"heading.default\">\n\t\t\t\t<div class=\"elementor-widget-container\">\n\t\t\t\t\t<h3 class=\"elementor-heading-title elementor-size-default\">Olfaction<\/h3>\t\t\t\t<\/div>\n\t\t\t\t<\/div>\n\t\t\t\t<div class=\"elementor-element elementor-element-6ff0a64d elementor-widget elementor-widget-text-editor\" data-id=\"6ff0a64d\" data-element_type=\"widget\" data-widget_type=\"text-editor.default\">\n\t\t\t\t<div class=\"elementor-widget-container\">\n\t\t\t\t\t\t\t\t\t<p>A calm space to peruse all the Cinqui\u00e8me Sens Olfactoriums,\u00ae containing more than 500 perfume raw materials for you to smell and study, and as many major perfumes currently on the market.<\/p>\n\t\t\t\t\t\t\t\t<\/div>\n\t\t\t\t<\/div>\n\t\t\t\t<div class=\"elementor-element elementor-element-4e4dc0cd elementor-align-center elementor-invisible elementor-widget elementor-widget-button\" data-id=\"4e4dc0cd\" data-element_type=\"widget\" data-settings=\"{&quot;_animation&quot;:&quot;fadeInUp&quot;,&quot;_animation_delay&quot;:&quot;350&quot;}\" data-widget_type=\"button.default\">\n\t\t\t\t<div class=\"elementor-widget-container\">\n\t\t\t\t\t\t\t\t\t<div class=\"elementor-button-wrapper\">\n\t\t\t\t\t<a class=\"elementor-button elementor-button-link elementor-size-sm\" href=\"https:\/\/www.cinquiemesens.com\/en\/shop\/coworking-en-2\/olfaction-1h\/\">\n\t\t\t\t\t\t<span class=\"elementor-button-content-wrapper\">\n\t\t\t\t\t\t\t\t\t<span class=\"elementor-button-text\">View the Olfaction package<\/span>\n\t\t\t\t\t<\/span>\n\t\t\t\t\t<\/a>\n\t\t\t\t<\/div>\n\t\t\t\t\t\t\t\t<\/div>\n\t\t\t\t<\/div>\n\t\t\t\t\t<\/div>\n\t\t<\/div>\n\t\t\t\t<div class=\"elementor-column elementor-col-33 elementor-inner-column elementor-element elementor-element-8c1d6fa elementor-invisible\" data-id=\"8c1d6fa\" data-element_type=\"column\" data-settings=\"{&quot;animation&quot;:&quot;fadeInUp&quot;,&quot;animation_delay&quot;:&quot;200&quot;}\">\n\t\t\t<div class=\"elementor-widget-wrap elementor-element-populated\">\n\t\t\t\t\t\t<div class=\"elementor-element elementor-element-69a584d0 elementor-widget elementor-widget-image\" data-id=\"69a584d0\" data-element_type=\"widget\" data-widget_type=\"image.default\">\n\t\t\t\t<div class=\"elementor-widget-container\">\n\t\t\t\t\t\t\t\t\t\t\t\t\t\t\t<img decoding=\"async\" src=\"https:\/\/www.cinquiemesens.com\/wp-content\/uploads\/olfalab.svg\" class=\"attachment-large size-large wp-image-9878\" alt=\"\" \/>\t\t\t\t\t\t\t\t\t\t\t\t\t\t\t<\/div>\n\t\t\t\t<\/div>\n\t\t\t\t<div class=\"elementor-element elementor-element-3231325 elementor-widget elementor-widget-heading\" data-id=\"3231325\" data-element_type=\"widget\" data-widget_type=\"heading.default\">\n\t\t\t\t<div class=\"elementor-widget-container\">\n\t\t\t\t\t<h3 class=\"elementor-heading-title elementor-size-default\">Olfalab<\/h3>\t\t\t\t<\/div>\n\t\t\t\t<\/div>\n\t\t\t\t<div class=\"elementor-element elementor-element-10d51b8b elementor-widget elementor-widget-text-editor\" data-id=\"10d51b8b\" data-element_type=\"widget\" data-widget_type=\"text-editor.default\">\n\t\t\t\t<div class=\"elementor-widget-container\">\n\t\t\t\t\t\t\t\t\t<p>With precision scales in private workstations containing perfume organs of 400 raw materials, all in a 5% solution in ethanol, you&#8217;ll find everything you need to weigh, test, and develop an unlimited number of your own compositions.<\/p>\n\t\t\t\t\t\t\t\t<\/div>\n\t\t\t\t<\/div>\n\t\t\t\t<div class=\"elementor-element elementor-element-64494f0 elementor-align-center elementor-invisible elementor-widget elementor-widget-button\" data-id=\"64494f0\" data-element_type=\"widget\" data-settings=\"{&quot;_animation&quot;:&quot;fadeInUp&quot;,&quot;_animation_delay&quot;:&quot;350&quot;}\" data-widget_type=\"button.default\">\n\t\t\t\t<div class=\"elementor-widget-container\">\n\t\t\t\t\t\t\t\t\t<div class=\"elementor-button-wrapper\">\n\t\t\t\t\t<a class=\"elementor-button elementor-button-link elementor-size-sm\" href=\"https:\/\/www.cinquiemesens.com\/en\/shop\/coworking-en-2\/forfait-3-olfalab-1-h\/\">\n\t\t\t\t\t\t<span class=\"elementor-button-content-wrapper\">\n\t\t\t\t\t\t\t\t\t<span class=\"elementor-button-text\">View the Olfalab package<\/span>\n\t\t\t\t\t<\/span>\n\t\t\t\t\t<\/a>\n\t\t\t\t<\/div>\n\t\t\t\t\t\t\t\t<\/div>\n\t\t\t\t<\/div>\n\t\t\t\t\t<\/div>\n\t\t<\/div>\n\t\t\t\t\t<\/div>\n\t\t<\/div>\n\t\t\t\t\t<\/div>\n\t\t<\/div>\n\t\t\t\t\t<\/div>\n\t\t<\/div>\n\t\t\t\t<\/div>\n\t\t","protected":false},"excerpt":{"rendered":"<p>Work, Smell and Formulate An innovative, unique, accessible space where you can smell, learn and formulate. At the foot of the Eiffel Tower, enjoy three different coworking packages with flexible [&hellip;]<\/p>\n","protected":false},"author":8978,"featured_media":0,"parent":10689,"menu_order":0,"comment_status":"closed","ping_status":"closed","template":"","meta":{"_price":"","_stock":"","_tribe_ticket_header":"","_tribe_default_ticket_provider":"","_tribe_ticket_capacity":"0","_ticket_start_date":"","_ticket_end_date":"","_tribe_ticket_show_description":"","_tribe_ticket_show_not_going":false,"_tribe_ticket_use_global_stock":"","_tribe_ticket_global_stock_level":"","_global_stock_mode":"","_global_stock_cap":"","_tribe_rsvp_for_event":"","_tribe_ticket_going_count":"","_tribe_ticket_not_going_count":"","_tribe_tickets_list":"[]","_tribe_ticket_has_attendee_info_fields":false,"footnotes":"","_tec_slr_enabled":"","_tec_slr_layout":""},"class_list":["post-10839","page","type-page","status-publish","hentry"],"yoast_head":"<!-- This site is optimized with the Yoast SEO Premium plugin v25.2 (Yoast SEO v25.2) - https:\/\/yoast.com\/wordpress\/plugins\/seo\/ -->\n<title>ESPACE DE COWORKING PARIS - CINQUI\u00c8ME SENS<\/title>\n<meta name=\"description\" content=\"Espace de Coworking Inspirant \u00e0 Paris. Profitez de nos Espaces pour laisser libre cours \u00e0 votre Cr\u00e9ativit\u00e9 ! D\u00e9couvrez nos Solutions.\" \/>\n<meta name=\"robots\" content=\"index, follow, max-snippet:-1, max-image-preview:large, max-video-preview:-1\" \/>\n<link rel=\"canonical\" href=\"https:\/\/www.cinquiemesens.com\/en\/individual-clients\/coworking\/\" \/>\n<meta property=\"og:locale\" content=\"en_US\" \/>\n<meta property=\"og:type\" content=\"article\" \/>\n<meta property=\"og:title\" content=\"Coworking\" \/>\n<meta property=\"og:description\" content=\"Espace de Coworking Inspirant \u00e0 Paris. Profitez de nos Espaces pour laisser libre cours \u00e0 votre Cr\u00e9ativit\u00e9 ! D\u00e9couvrez nos Solutions.\" \/>\n<meta property=\"og:url\" content=\"https:\/\/www.cinquiemesens.com\/en\/individual-clients\/coworking\/\" \/>\n<meta property=\"og:site_name\" content=\"Cinqui\u00e8me Sens\" \/>\n<meta property=\"article:publisher\" content=\"https:\/\/www.facebook.com\/olfactorium?locale=fr_FR\" \/>\n<meta property=\"article:modified_time\" content=\"2021-07-29T07:55:11+00:00\" \/>\n<meta property=\"og:image\" content=\"https:\/\/www.cinquiemesens.com\/wp-content\/uploads\/Logo-NewClem_Plan-de-travail-1.png\" \/>\n<meta name=\"twitter:label1\" content=\"Est. reading time\" \/>\n\t<meta name=\"twitter:data1\" content=\"1 minute\" \/>\n<script type=\"application\/ld+json\" class=\"yoast-schema-graph\">{\"@context\":\"https:\/\/schema.org\",\"@graph\":[{\"@type\":\"WebPage\",\"@id\":\"https:\/\/www.cinquiemesens.com\/en\/individual-clients\/coworking\/\",\"url\":\"https:\/\/www.cinquiemesens.com\/en\/individual-clients\/coworking\/\",\"name\":\"ESPACE DE COWORKING PARIS - CINQUI\u00c8ME SENS\",\"isPartOf\":{\"@id\":\"https:\/\/www.cinquiemesens.com\/#website\"},\"primaryImageOfPage\":{\"@id\":\"https:\/\/www.cinquiemesens.com\/en\/individual-clients\/coworking\/#primaryimage\"},\"image\":{\"@id\":\"https:\/\/www.cinquiemesens.com\/en\/individual-clients\/coworking\/#primaryimage\"},\"thumbnailUrl\":\"https:\/\/www.cinquiemesens.com\/wp-content\/uploads\/5s-coworking-9638-scaled-1.jpg\",\"datePublished\":\"2020-11-19T17:40:40+00:00\",\"dateModified\":\"2021-07-29T07:55:11+00:00\",\"description\":\"Espace de Coworking Inspirant \u00e0 Paris. Profitez de nos Espaces pour laisser libre cours \u00e0 votre Cr\u00e9ativit\u00e9 ! D\u00e9couvrez nos Solutions.\",\"breadcrumb\":{\"@id\":\"https:\/\/www.cinquiemesens.com\/en\/individual-clients\/coworking\/#breadcrumb\"},\"inLanguage\":\"en-UK\",\"potentialAction\":[{\"@type\":\"ReadAction\",\"target\":[\"https:\/\/www.cinquiemesens.com\/en\/individual-clients\/coworking\/\"]}]},{\"@type\":\"ImageObject\",\"inLanguage\":\"en-UK\",\"@id\":\"https:\/\/www.cinquiemesens.com\/en\/individual-clients\/coworking\/#primaryimage\",\"url\":\"https:\/\/www.cinquiemesens.com\/wp-content\/uploads\/5s-coworking-9638-scaled-1.jpg\",\"contentUrl\":\"https:\/\/www.cinquiemesens.com\/wp-content\/uploads\/5s-coworking-9638-scaled-1.jpg\"},{\"@type\":\"BreadcrumbList\",\"@id\":\"https:\/\/www.cinquiemesens.com\/en\/individual-clients\/coworking\/#breadcrumb\",\"itemListElement\":[{\"@type\":\"ListItem\",\"position\":1,\"name\":\"Accueil\",\"item\":\"https:\/\/www.cinquiemesens.com\/\"},{\"@type\":\"ListItem\",\"position\":2,\"name\":\"Individual Clients\",\"item\":\"https:\/\/www.cinquiemesens.com\/en\/individual-clients\/\"},{\"@type\":\"ListItem\",\"position\":3,\"name\":\"Coworking\"}]},{\"@type\":\"WebSite\",\"@id\":\"https:\/\/www.cinquiemesens.com\/#website\",\"url\":\"https:\/\/www.cinquiemesens.com\/\",\"name\":\"Cinqui\u00e8me Sens\",\"description\":\"Eveille les \u00e9motions\",\"publisher\":{\"@id\":\"https:\/\/www.cinquiemesens.com\/#organization\"},\"potentialAction\":[{\"@type\":\"SearchAction\",\"target\":{\"@type\":\"EntryPoint\",\"urlTemplate\":\"https:\/\/www.cinquiemesens.com\/?s={search_term_string}\"},\"query-input\":{\"@type\":\"PropertyValueSpecification\",\"valueRequired\":true,\"valueName\":\"search_term_string\"}}],\"inLanguage\":\"en-UK\"},{\"@type\":\"Organization\",\"@id\":\"https:\/\/www.cinquiemesens.com\/#organization\",\"name\":\"Cinqui\u00e8me sens\",\"url\":\"https:\/\/www.cinquiemesens.com\/\",\"logo\":{\"@type\":\"ImageObject\",\"inLanguage\":\"en-UK\",\"@id\":\"https:\/\/www.cinquiemesens.com\/#\/schema\/logo\/image\/\",\"url\":\"https:\/\/www.cinquiemesens.com\/wp-content\/uploads\/logo_cinquieme-sens.svg\",\"contentUrl\":\"https:\/\/www.cinquiemesens.com\/wp-content\/uploads\/logo_cinquieme-sens.svg\",\"width\":1,\"height\":1,\"caption\":\"Cinqui\u00e8me sens\"},\"image\":{\"@id\":\"https:\/\/www.cinquiemesens.com\/#\/schema\/logo\/image\/\"},\"sameAs\":[\"https:\/\/www.facebook.com\/olfactorium?locale=fr_FR\",\"https:\/\/www.instagram.com\/cinquiemesens\/\",\"https:\/\/www.linkedin.com\/company\/cinqui-me-sens\/?viewAsMember=true\"]}]}<\/script>\n<!-- \/ Yoast SEO Premium plugin. -->","yoast_head_json":{"title":"ESPACE DE COWORKING PARIS - CINQUI\u00c8ME SENS","description":"Espace de Coworking Inspirant \u00e0 Paris. Profitez de nos Espaces pour laisser libre cours \u00e0 votre Cr\u00e9ativit\u00e9 ! D\u00e9couvrez nos Solutions.","robots":{"index":"index","follow":"follow","max-snippet":"max-snippet:-1","max-image-preview":"max-image-preview:large","max-video-preview":"max-video-preview:-1"},"canonical":"https:\/\/www.cinquiemesens.com\/en\/individual-clients\/coworking\/","og_locale":"en_US","og_type":"article","og_title":"Coworking","og_description":"Espace de Coworking Inspirant \u00e0 Paris. Profitez de nos Espaces pour laisser libre cours \u00e0 votre Cr\u00e9ativit\u00e9 ! D\u00e9couvrez nos Solutions.","og_url":"https:\/\/www.cinquiemesens.com\/en\/individual-clients\/coworking\/","og_site_name":"Cinqui\u00e8me Sens","article_publisher":"https:\/\/www.facebook.com\/olfactorium?locale=fr_FR","article_modified_time":"2021-07-29T07:55:11+00:00","og_image":[{"url":"https:\/\/www.cinquiemesens.com\/wp-content\/uploads\/Logo-NewClem_Plan-de-travail-1.png","type":"","width":"","height":""}],"twitter_misc":{"Est. reading time":"1 minute"},"schema":{"@context":"https:\/\/schema.org","@graph":[{"@type":"WebPage","@id":"https:\/\/www.cinquiemesens.com\/en\/individual-clients\/coworking\/","url":"https:\/\/www.cinquiemesens.com\/en\/individual-clients\/coworking\/","name":"ESPACE DE COWORKING PARIS - CINQUI\u00c8ME SENS","isPartOf":{"@id":"https:\/\/www.cinquiemesens.com\/#website"},"primaryImageOfPage":{"@id":"https:\/\/www.cinquiemesens.com\/en\/individual-clients\/coworking\/#primaryimage"},"image":{"@id":"https:\/\/www.cinquiemesens.com\/en\/individual-clients\/coworking\/#primaryimage"},"thumbnailUrl":"https:\/\/www.cinquiemesens.com\/wp-content\/uploads\/5s-coworking-9638-scaled-1.jpg","datePublished":"2020-11-19T17:40:40+00:00","dateModified":"2021-07-29T07:55:11+00:00","description":"Espace de Coworking Inspirant \u00e0 Paris. Profitez de nos Espaces pour laisser libre cours \u00e0 votre Cr\u00e9ativit\u00e9 ! D\u00e9couvrez nos Solutions.","breadcrumb":{"@id":"https:\/\/www.cinquiemesens.com\/en\/individual-clients\/coworking\/#breadcrumb"},"inLanguage":"en-UK","potentialAction":[{"@type":"ReadAction","target":["https:\/\/www.cinquiemesens.com\/en\/individual-clients\/coworking\/"]}]},{"@type":"ImageObject","inLanguage":"en-UK","@id":"https:\/\/www.cinquiemesens.com\/en\/individual-clients\/coworking\/#primaryimage","url":"https:\/\/www.cinquiemesens.com\/wp-content\/uploads\/5s-coworking-9638-scaled-1.jpg","contentUrl":"https:\/\/www.cinquiemesens.com\/wp-content\/uploads\/5s-coworking-9638-scaled-1.jpg"},{"@type":"BreadcrumbList","@id":"https:\/\/www.cinquiemesens.com\/en\/individual-clients\/coworking\/#breadcrumb","itemListElement":[{"@type":"ListItem","position":1,"name":"Accueil","item":"https:\/\/www.cinquiemesens.com\/"},{"@type":"ListItem","position":2,"name":"Individual Clients","item":"https:\/\/www.cinquiemesens.com\/en\/individual-clients\/"},{"@type":"ListItem","position":3,"name":"Coworking"}]},{"@type":"WebSite","@id":"https:\/\/www.cinquiemesens.com\/#website","url":"https:\/\/www.cinquiemesens.com\/","name":"Cinqui\u00e8me Sens","description":"Eveille les \u00e9motions","publisher":{"@id":"https:\/\/www.cinquiemesens.com\/#organization"},"potentialAction":[{"@type":"SearchAction","target":{"@type":"EntryPoint","urlTemplate":"https:\/\/www.cinquiemesens.com\/?s={search_term_string}"},"query-input":{"@type":"PropertyValueSpecification","valueRequired":true,"valueName":"search_term_string"}}],"inLanguage":"en-UK"},{"@type":"Organization","@id":"https:\/\/www.cinquiemesens.com\/#organization","name":"Cinqui\u00e8me sens","url":"https:\/\/www.cinquiemesens.com\/","logo":{"@type":"ImageObject","inLanguage":"en-UK","@id":"https:\/\/www.cinquiemesens.com\/#\/schema\/logo\/image\/","url":"https:\/\/www.cinquiemesens.com\/wp-content\/uploads\/logo_cinquieme-sens.svg","contentUrl":"https:\/\/www.cinquiemesens.com\/wp-content\/uploads\/logo_cinquieme-sens.svg","width":1,"height":1,"caption":"Cinqui\u00e8me sens"},"image":{"@id":"https:\/\/www.cinquiemesens.com\/#\/schema\/logo\/image\/"},"sameAs":["https:\/\/www.facebook.com\/olfactorium?locale=fr_FR","https:\/\/www.instagram.com\/cinquiemesens\/","https:\/\/www.linkedin.com\/company\/cinqui-me-sens\/?viewAsMember=true"]}]}},"ticketed":false,"_links":{"self":[{"href":"https:\/\/www.cinquiemesens.com\/en\/wp-json\/wp\/v2\/pages\/10839","targetHints":{"allow":["GET"]}}],"collection":[{"href":"https:\/\/www.cinquiemesens.com\/en\/wp-json\/wp\/v2\/pages"}],"about":[{"href":"https:\/\/www.cinquiemesens.com\/en\/wp-json\/wp\/v2\/types\/page"}],"author":[{"embeddable":true,"href":"https:\/\/www.cinquiemesens.com\/en\/wp-json\/wp\/v2\/users\/8978"}],"replies":[{"embeddable":true,"href":"https:\/\/www.cinquiemesens.com\/en\/wp-json\/wp\/v2\/comments?post=10839"}],"version-history":[{"count":8,"href":"https:\/\/www.cinquiemesens.com\/en\/wp-json\/wp\/v2\/pages\/10839\/revisions"}],"predecessor-version":[{"id":13611,"href":"https:\/\/www.cinquiemesens.com\/en\/wp-json\/wp\/v2\/pages\/10839\/revisions\/13611"}],"up":[{"embeddable":true,"href":"https:\/\/www.cinquiemesens.com\/en\/wp-json\/wp\/v2\/pages\/10689"}],"wp:attachment":[{"href":"https:\/\/www.cinquiemesens.com\/en\/wp-json\/wp\/v2\/media?parent=10839"}],"curies":[{"name":"wp","href":"https:\/\/api.w.org\/{rel}","templated":true}]}}