{"id":10776,"date":"2020-10-25T11:26:22","date_gmt":"2020-11-18T21:31:41","guid":{"rendered":"https:\/\/www.cinquiemesens.com\/boutique\/uncategorized\/your-pefume\/"},"modified":"2023-10-03T16:18:05","modified_gmt":"2023-10-03T15:18:05","slug":"votre-parfum","status":"publish","type":"product","link":"https:\/\/www.cinquiemesens.com\/en\/shop\/uncategorized\/votre-parfum\/","title":{"rendered":"Your perfume"},"content":{"rendered":"<p>Parfum Atelier de Cr\u00e9ation &#8211; Eau de toilette &#8211; Natural Spray Refillable<\/p>\n<p>Ingr\u00e9dients : Alcohol denat, Parfum (fragrance), allerg\u00e8nes pouvant \u00eatre pr\u00e9sents dans la limite des quantit\u00e9s autoris\u00e9es par l\u2019ifra 49: Alpha-Hexyl cinnamic aldehyde(HCA),Amyl cinnamic alcohol, Amyl cinnamic aldehyde (ACA), Anisyl alcohol, Benzyl salicylate, Benzyl benzoate, Benzyl cinnamate, Benzyl alcohol, Cinnamic alcohol, Cinnamic aldehyde, Citral, Citronellol (3,7- Dimethyl-6-octen-1-ol), Coumarin (2p-1-benzopyran-2-one), D-Limonene, Eugenol, Farnesol, Geraniol, Lyral ( Hydroxymethylpentyl cyclohexene carbalde), hydroxycitronellal, Isoeugenol, Alpha-iso-methyl ionone, Linalool<\/p>\n","protected":false},"excerpt":{"rendered":"<p>If you have already created your own fragrance during one of our workshops and would like to reorder it, please contact us.<\/p>\n<p>Cinqui\u00e8me Sens provides a refill service using your own formula.<\/p>\n<p><strong>Send us your <a href=\"mailto:laboratoire@cinquiemesens.com\">formula<\/a><\/strong><\/p>\n","protected":false},"featured_media":24011,"comment_status":"open","ping_status":"closed","template":"","meta":{"_price":"50","_stock":"","_tribe_ticket_header":"","_tribe_default_ticket_provider":"","_tribe_ticket_capacity":"14","_ticket_start_date":"","_ticket_end_date":"","_tribe_ticket_show_description":"","_tribe_ticket_show_not_going":false,"_tribe_ticket_use_global_stock":"","_tribe_ticket_global_stock_level":"","_global_stock_mode":"","_global_stock_cap":"","_tribe_rsvp_for_event":"","_tribe_ticket_going_count":"","_tribe_ticket_not_going_count":"","_tribe_tickets_list":"[]","_tribe_ticket_has_attendee_info_fields":false},"product_brand":[],"product_cat":[],"product_tag":[],"class_list":{"0":"post-10776","1":"product","2":"type-product","3":"status-publish","4":"has-post-thumbnail","6":"product_shipping_class-olfactory-tools-en","8":"first","9":"instock","10":"taxable","11":"shipping-taxable","12":"purchasable","13":"product-type-variable"},"exclude_global_add_ons":[],"addons":[],"yoast_head":"<!-- This site is optimized with the Yoast SEO Premium plugin v25.2 (Yoast SEO v25.2) - https:\/\/yoast.com\/wordpress\/plugins\/seo\/ -->\n<title>Your perfume - Cinqui\u00e8me Sens<\/title>\n<meta name=\"robots\" content=\"index, follow, max-snippet:-1, max-image-preview:large, max-video-preview:-1\" \/>\n<link rel=\"canonical\" href=\"https:\/\/www.cinquiemesens.com\/en\/shop\/non%20class\u00e9\/votre-parfum\/\" \/>\n<meta property=\"og:locale\" content=\"en_US\" \/>\n<meta property=\"og:type\" content=\"article\" \/>\n<meta property=\"og:title\" content=\"Your perfume\" \/>\n<meta property=\"og:description\" content=\"If you have already created your own fragrance during one of our workshops and would like to reorder it, please contact us.  Cinqui\u00e8me Sens provides a refill service using your own formula.  Send us your formula\" \/>\n<meta property=\"og:url\" content=\"https:\/\/www.cinquiemesens.com\/en\/shop\/non class\u00e9\/votre-parfum\/\" \/>\n<meta property=\"og:site_name\" content=\"Cinqui\u00e8me Sens\" \/>\n<meta property=\"article:publisher\" content=\"https:\/\/www.facebook.com\/olfactorium?locale=fr_FR\" \/>\n<meta property=\"article:modified_time\" content=\"2023-10-03T15:18:05+00:00\" \/>\n<meta property=\"og:image\" content=\"https:\/\/www.cinquiemesens.com\/wp-content\/uploads\/2-cinquieme-sens-flacon-HD-1.jpg\" \/>\n\t<meta property=\"og:image:width\" content=\"2560\" \/>\n\t<meta property=\"og:image:height\" content=\"1707\" \/>\n\t<meta property=\"og:image:type\" content=\"image\/jpeg\" \/>\n<meta name=\"twitter:label1\" content=\"Est. reading time\" \/>\n\t<meta name=\"twitter:data1\" content=\"1 minute\" \/>\n<script type=\"application\/ld+json\" class=\"yoast-schema-graph\">{\"@context\":\"https:\/\/schema.org\",\"@graph\":[{\"@type\":\"WebPage\",\"@id\":\"https:\/\/www.cinquiemesens.com\/en\/shop\/non class\u00e9\/votre-parfum\/\",\"url\":\"https:\/\/www.cinquiemesens.com\/en\/shop\/non class\u00e9\/votre-parfum\/\",\"name\":\"Your perfume - Cinqui\u00e8me Sens\",\"isPartOf\":{\"@id\":\"https:\/\/www.cinquiemesens.com\/#website\"},\"primaryImageOfPage\":{\"@id\":\"https:\/\/www.cinquiemesens.com\/en\/shop\/non class\u00e9\/votre-parfum\/#primaryimage\"},\"image\":{\"@id\":\"https:\/\/www.cinquiemesens.com\/en\/shop\/non class\u00e9\/votre-parfum\/#primaryimage\"},\"thumbnailUrl\":\"https:\/\/www.cinquiemesens.com\/wp-content\/uploads\/2-cinquieme-sens-flacon-HD-1_resize.webp\",\"datePublished\":\"2020-11-18T21:31:41+00:00\",\"dateModified\":\"2023-10-03T15:18:05+00:00\",\"breadcrumb\":{\"@id\":\"https:\/\/www.cinquiemesens.com\/en\/shop\/non class\u00e9\/votre-parfum\/#breadcrumb\"},\"inLanguage\":\"en-UK\",\"potentialAction\":[{\"@type\":\"ReadAction\",\"target\":[\"https:\/\/www.cinquiemesens.com\/en\/shop\/non class\u00e9\/votre-parfum\/\"]}]},{\"@type\":\"ImageObject\",\"inLanguage\":\"en-UK\",\"@id\":\"https:\/\/www.cinquiemesens.com\/en\/shop\/non class\u00e9\/votre-parfum\/#primaryimage\",\"url\":\"https:\/\/www.cinquiemesens.com\/wp-content\/uploads\/2-cinquieme-sens-flacon-HD-1_resize.webp\",\"contentUrl\":\"https:\/\/www.cinquiemesens.com\/wp-content\/uploads\/2-cinquieme-sens-flacon-HD-1_resize.webp\",\"width\":2560,\"height\":1707},{\"@type\":\"BreadcrumbList\",\"@id\":\"https:\/\/www.cinquiemesens.com\/en\/shop\/non class\u00e9\/votre-parfum\/#breadcrumb\",\"itemListElement\":[{\"@type\":\"ListItem\",\"position\":1,\"name\":\"Accueil\",\"item\":\"https:\/\/www.cinquiemesens.com\/\"},{\"@type\":\"ListItem\",\"position\":2,\"name\":\"Shop\",\"item\":\"https:\/\/www.cinquiemesens.com\/en\/shop\/\"},{\"@type\":\"ListItem\",\"position\":3,\"name\":\"Your perfume\"}]},{\"@type\":\"WebSite\",\"@id\":\"https:\/\/www.cinquiemesens.com\/#website\",\"url\":\"https:\/\/www.cinquiemesens.com\/\",\"name\":\"Cinqui\u00e8me Sens\",\"description\":\"Eveille les \u00e9motions\",\"publisher\":{\"@id\":\"https:\/\/www.cinquiemesens.com\/#organization\"},\"potentialAction\":[{\"@type\":\"SearchAction\",\"target\":{\"@type\":\"EntryPoint\",\"urlTemplate\":\"https:\/\/www.cinquiemesens.com\/?s={search_term_string}\"},\"query-input\":{\"@type\":\"PropertyValueSpecification\",\"valueRequired\":true,\"valueName\":\"search_term_string\"}}],\"inLanguage\":\"en-UK\"},{\"@type\":\"Organization\",\"@id\":\"https:\/\/www.cinquiemesens.com\/#organization\",\"name\":\"Cinqui\u00e8me sens\",\"url\":\"https:\/\/www.cinquiemesens.com\/\",\"logo\":{\"@type\":\"ImageObject\",\"inLanguage\":\"en-UK\",\"@id\":\"https:\/\/www.cinquiemesens.com\/#\/schema\/logo\/image\/\",\"url\":\"https:\/\/www.cinquiemesens.com\/wp-content\/uploads\/logo_cinquieme-sens.svg\",\"contentUrl\":\"https:\/\/www.cinquiemesens.com\/wp-content\/uploads\/logo_cinquieme-sens.svg\",\"width\":1,\"height\":1,\"caption\":\"Cinqui\u00e8me sens\"},\"image\":{\"@id\":\"https:\/\/www.cinquiemesens.com\/#\/schema\/logo\/image\/\"},\"sameAs\":[\"https:\/\/www.facebook.com\/olfactorium?locale=fr_FR\",\"https:\/\/www.instagram.com\/cinquiemesens\/\",\"https:\/\/www.linkedin.com\/company\/cinqui-me-sens\/?viewAsMember=true\"]}]}<\/script>\n<!-- \/ Yoast SEO Premium plugin. -->","yoast_head_json":{"title":"Your perfume - Cinqui\u00e8me Sens","robots":{"index":"index","follow":"follow","max-snippet":"max-snippet:-1","max-image-preview":"max-image-preview:large","max-video-preview":"max-video-preview:-1"},"canonical":"https:\/\/www.cinquiemesens.com\/en\/shop\/non class\u00e9\/votre-parfum\/","og_locale":"en_US","og_type":"article","og_title":"Your perfume","og_description":"If you have already created your own fragrance during one of our workshops and would like to reorder it, please contact us.  Cinqui\u00e8me Sens provides a refill service using your own formula.  Send us your formula","og_url":"https:\/\/www.cinquiemesens.com\/en\/shop\/non class\u00e9\/votre-parfum\/","og_site_name":"Cinqui\u00e8me Sens","article_publisher":"https:\/\/www.facebook.com\/olfactorium?locale=fr_FR","article_modified_time":"2023-10-03T15:18:05+00:00","og_image":[{"width":2560,"height":1707,"url":"https:\/\/www.cinquiemesens.com\/wp-content\/uploads\/2-cinquieme-sens-flacon-HD-1.jpg","type":"image\/jpeg"}],"twitter_misc":{"Est. reading time":"1 minute"},"schema":{"@context":"https:\/\/schema.org","@graph":[{"@type":"WebPage","@id":"https:\/\/www.cinquiemesens.com\/en\/shop\/non class\u00e9\/votre-parfum\/","url":"https:\/\/www.cinquiemesens.com\/en\/shop\/non class\u00e9\/votre-parfum\/","name":"Your perfume - Cinqui\u00e8me Sens","isPartOf":{"@id":"https:\/\/www.cinquiemesens.com\/#website"},"primaryImageOfPage":{"@id":"https:\/\/www.cinquiemesens.com\/en\/shop\/non class\u00e9\/votre-parfum\/#primaryimage"},"image":{"@id":"https:\/\/www.cinquiemesens.com\/en\/shop\/non class\u00e9\/votre-parfum\/#primaryimage"},"thumbnailUrl":"https:\/\/www.cinquiemesens.com\/wp-content\/uploads\/2-cinquieme-sens-flacon-HD-1_resize.webp","datePublished":"2020-11-18T21:31:41+00:00","dateModified":"2023-10-03T15:18:05+00:00","breadcrumb":{"@id":"https:\/\/www.cinquiemesens.com\/en\/shop\/non class\u00e9\/votre-parfum\/#breadcrumb"},"inLanguage":"en-UK","potentialAction":[{"@type":"ReadAction","target":["https:\/\/www.cinquiemesens.com\/en\/shop\/non class\u00e9\/votre-parfum\/"]}]},{"@type":"ImageObject","inLanguage":"en-UK","@id":"https:\/\/www.cinquiemesens.com\/en\/shop\/non class\u00e9\/votre-parfum\/#primaryimage","url":"https:\/\/www.cinquiemesens.com\/wp-content\/uploads\/2-cinquieme-sens-flacon-HD-1_resize.webp","contentUrl":"https:\/\/www.cinquiemesens.com\/wp-content\/uploads\/2-cinquieme-sens-flacon-HD-1_resize.webp","width":2560,"height":1707},{"@type":"BreadcrumbList","@id":"https:\/\/www.cinquiemesens.com\/en\/shop\/non class\u00e9\/votre-parfum\/#breadcrumb","itemListElement":[{"@type":"ListItem","position":1,"name":"Accueil","item":"https:\/\/www.cinquiemesens.com\/"},{"@type":"ListItem","position":2,"name":"Shop","item":"https:\/\/www.cinquiemesens.com\/en\/shop\/"},{"@type":"ListItem","position":3,"name":"Your perfume"}]},{"@type":"WebSite","@id":"https:\/\/www.cinquiemesens.com\/#website","url":"https:\/\/www.cinquiemesens.com\/","name":"Cinqui\u00e8me Sens","description":"Eveille les \u00e9motions","publisher":{"@id":"https:\/\/www.cinquiemesens.com\/#organization"},"potentialAction":[{"@type":"SearchAction","target":{"@type":"EntryPoint","urlTemplate":"https:\/\/www.cinquiemesens.com\/?s={search_term_string}"},"query-input":{"@type":"PropertyValueSpecification","valueRequired":true,"valueName":"search_term_string"}}],"inLanguage":"en-UK"},{"@type":"Organization","@id":"https:\/\/www.cinquiemesens.com\/#organization","name":"Cinqui\u00e8me sens","url":"https:\/\/www.cinquiemesens.com\/","logo":{"@type":"ImageObject","inLanguage":"en-UK","@id":"https:\/\/www.cinquiemesens.com\/#\/schema\/logo\/image\/","url":"https:\/\/www.cinquiemesens.com\/wp-content\/uploads\/logo_cinquieme-sens.svg","contentUrl":"https:\/\/www.cinquiemesens.com\/wp-content\/uploads\/logo_cinquieme-sens.svg","width":1,"height":1,"caption":"Cinqui\u00e8me sens"},"image":{"@id":"https:\/\/www.cinquiemesens.com\/#\/schema\/logo\/image\/"},"sameAs":["https:\/\/www.facebook.com\/olfactorium?locale=fr_FR","https:\/\/www.instagram.com\/cinquiemesens\/","https:\/\/www.linkedin.com\/company\/cinqui-me-sens\/?viewAsMember=true"]}]}},"_links":{"self":[{"href":"https:\/\/www.cinquiemesens.com\/en\/wp-json\/wp\/v2\/product\/10776","targetHints":{"allow":["GET"]}}],"collection":[{"href":"https:\/\/www.cinquiemesens.com\/en\/wp-json\/wp\/v2\/product"}],"about":[{"href":"https:\/\/www.cinquiemesens.com\/en\/wp-json\/wp\/v2\/types\/product"}],"replies":[{"embeddable":true,"href":"https:\/\/www.cinquiemesens.com\/en\/wp-json\/wp\/v2\/comments?post=10776"}],"wp:featuredmedia":[{"embeddable":true,"href":"https:\/\/www.cinquiemesens.com\/en\/wp-json\/wp\/v2\/media\/24011"}],"wp:attachment":[{"href":"https:\/\/www.cinquiemesens.com\/en\/wp-json\/wp\/v2\/media?parent=10776"}],"wp:term":[{"taxonomy":"product_brand","embeddable":true,"href":"https:\/\/www.cinquiemesens.com\/en\/wp-json\/wp\/v2\/product_brand?post=10776"},{"taxonomy":"product_cat","embeddable":true,"href":"https:\/\/www.cinquiemesens.com\/en\/wp-json\/wp\/v2\/product_cat?post=10776"},{"taxonomy":"product_tag","embeddable":true,"href":"https:\/\/www.cinquiemesens.com\/en\/wp-json\/wp\/v2\/product_tag?post=10776"}],"curies":[{"name":"wp","href":"https:\/\/api.w.org\/{rel}","templated":true}]}}