{"id":22353,"date":"2025-04-12T17:00:54","date_gmt":"2025-04-12T16:00:54","guid":{"rendered":"https:\/\/www.cinquiemesens.com\/boutique\/uncategorized\/olfactory-kit-hermes-the-leather-note-in-perfumery\/"},"modified":"2025-04-16T10:15:12","modified_gmt":"2025-04-16T09:15:12","slug":"olfactory-kit-hermes-the-leather-note-in-perfumery","status":"publish","type":"product","link":"https:\/\/www.cinquiemesens.com\/en\/shop\/olfactorium-en\/olfactory-kit-hermes-the-leather-note-in-perfumery\/","title":{"rendered":"Olfactory Kit HERMES  &#8220;The Leather note in Perfumery&#8221;"},"content":{"rendered":"<p><b>Mati\u00e8res premi\u00e8res :<\/b><\/p>\n<ol>\n<li>Ciste labdanum (absolu)<\/li>\n<li>Castor\u00e9um (repro)<\/li>\n<li>Iso Butyl Quinol\u00e9\u00efne (synth\u00e8se)<\/li>\n<li>Suederal (synth\u00e8se)<\/li>\n<li>Bois de bouleau (HE)<\/li>\n<\/ol>\n<p><b>Parfums :<\/b><\/p>\n<div>A. Cuir de Russie de Chanel<\/div>\n<div>B. Cuir Intense Aqua Allegoria\u00a0de Guerlain<\/div>\n<div>C. Ombr\u00e9 Leather de Tom Ford<\/div>\n<div>D. Daim Blond de Serge Lutens<\/div>\n<div>E. Cuir Zerzura d\u2019Armani priv\u00e9<\/div>\n","protected":false},"excerpt":{"rendered":"<p>\u2022 10 Vials (7 ml)<\/p>\n","protected":false},"featured_media":22348,"comment_status":"closed","ping_status":"closed","template":"","meta":{"_price":"240","_stock":"","_tribe_ticket_header":"","_tribe_default_ticket_provider":"","_tribe_ticket_capacity":"31","_ticket_start_date":"","_ticket_end_date":"","_tribe_ticket_show_description":"","_tribe_ticket_show_not_going":false,"_tribe_ticket_use_global_stock":"","_tribe_ticket_global_stock_level":"","_global_stock_mode":"","_global_stock_cap":"","_tribe_rsvp_for_event":"","_tribe_ticket_going_count":"","_tribe_ticket_not_going_count":"","_tribe_tickets_list":"[]","_tribe_ticket_has_attendee_info_fields":false},"product_brand":[],"product_cat":[73],"product_tag":[],"class_list":{"0":"post-22353","1":"product","2":"type-product","3":"status-publish","4":"has-post-thumbnail","6":"product_cat-olfactorium-en","7":"product_shipping_class-olfactorium-en","9":"first","10":"instock","11":"taxable","12":"shipping-taxable","13":"purchasable","14":"product-type-simple"},"exclude_global_add_ons":[],"addons":[],"yoast_head":"<!-- This site is optimized with the Yoast SEO Premium plugin v25.2 (Yoast SEO v25.2) - https:\/\/yoast.com\/wordpress\/plugins\/seo\/ -->\n<title>Olfactory Kit HERMES &quot;The Leather note in Perfumery&quot; - Cinqui\u00e8me Sens<\/title>\n<meta name=\"robots\" content=\"index, follow, max-snippet:-1, max-image-preview:large, max-video-preview:-1\" \/>\n<link rel=\"canonical\" href=\"https:\/\/www.cinquiemesens.com\/en\/shop\/olfactorium-en\/olfactory-kit-hermes-the-leather-note-in-perfumery\/\" \/>\n<meta property=\"og:locale\" content=\"en_US\" \/>\n<meta property=\"og:type\" content=\"article\" \/>\n<meta property=\"og:title\" content=\"Olfactory Kit HERMES &quot;The Leather note in Perfumery&quot;\" \/>\n<meta property=\"og:description\" content=\"\u2022 10 Vials (7 ml)\" \/>\n<meta property=\"og:url\" content=\"https:\/\/www.cinquiemesens.com\/en\/shop\/olfactorium-en\/olfactory-kit-hermes-the-leather-note-in-perfumery\/\" \/>\n<meta property=\"og:site_name\" content=\"Cinqui\u00e8me Sens\" \/>\n<meta property=\"article:publisher\" content=\"https:\/\/www.facebook.com\/olfactorium?locale=fr_FR\" \/>\n<meta property=\"article:modified_time\" content=\"2025-04-16T09:15:12+00:00\" \/>\n<meta property=\"og:image\" content=\"https:\/\/www.cinquiemesens.com\/wp-content\/uploads\/Notes-Olfactives_0015_CUIR.png\" \/>\n\t<meta property=\"og:image:width\" content=\"900\" \/>\n\t<meta property=\"og:image:height\" content=\"345\" \/>\n\t<meta property=\"og:image:type\" content=\"image\/png\" \/>\n<meta name=\"twitter:label1\" content=\"Est. reading time\" \/>\n\t<meta name=\"twitter:data1\" content=\"1 minute\" \/>\n<script type=\"application\/ld+json\" class=\"yoast-schema-graph\">{\"@context\":\"https:\/\/schema.org\",\"@graph\":[{\"@type\":\"WebPage\",\"@id\":\"https:\/\/www.cinquiemesens.com\/en\/shop\/olfactorium-en\/olfactory-kit-hermes-the-leather-note-in-perfumery\/\",\"url\":\"https:\/\/www.cinquiemesens.com\/en\/shop\/olfactorium-en\/olfactory-kit-hermes-the-leather-note-in-perfumery\/\",\"name\":\"Olfactory Kit HERMES \\\"The Leather note in Perfumery\\\" - Cinqui\u00e8me Sens\",\"isPartOf\":{\"@id\":\"https:\/\/www.cinquiemesens.com\/#website\"},\"primaryImageOfPage\":{\"@id\":\"https:\/\/www.cinquiemesens.com\/en\/shop\/olfactorium-en\/olfactory-kit-hermes-the-leather-note-in-perfumery\/#primaryimage\"},\"image\":{\"@id\":\"https:\/\/www.cinquiemesens.com\/en\/shop\/olfactorium-en\/olfactory-kit-hermes-the-leather-note-in-perfumery\/#primaryimage\"},\"thumbnailUrl\":\"https:\/\/www.cinquiemesens.com\/wp-content\/uploads\/Notes-Olfactives_0015_CUIR.png\",\"datePublished\":\"2025-04-12T16:00:54+00:00\",\"dateModified\":\"2025-04-16T09:15:12+00:00\",\"breadcrumb\":{\"@id\":\"https:\/\/www.cinquiemesens.com\/en\/shop\/olfactorium-en\/olfactory-kit-hermes-the-leather-note-in-perfumery\/#breadcrumb\"},\"inLanguage\":\"en-UK\",\"potentialAction\":[{\"@type\":\"ReadAction\",\"target\":[\"https:\/\/www.cinquiemesens.com\/en\/shop\/olfactorium-en\/olfactory-kit-hermes-the-leather-note-in-perfumery\/\"]}]},{\"@type\":\"ImageObject\",\"inLanguage\":\"en-UK\",\"@id\":\"https:\/\/www.cinquiemesens.com\/en\/shop\/olfactorium-en\/olfactory-kit-hermes-the-leather-note-in-perfumery\/#primaryimage\",\"url\":\"https:\/\/www.cinquiemesens.com\/wp-content\/uploads\/Notes-Olfactives_0015_CUIR.png\",\"contentUrl\":\"https:\/\/www.cinquiemesens.com\/wp-content\/uploads\/Notes-Olfactives_0015_CUIR.png\",\"width\":900,\"height\":345},{\"@type\":\"BreadcrumbList\",\"@id\":\"https:\/\/www.cinquiemesens.com\/en\/shop\/olfactorium-en\/olfactory-kit-hermes-the-leather-note-in-perfumery\/#breadcrumb\",\"itemListElement\":[{\"@type\":\"ListItem\",\"position\":1,\"name\":\"Accueil\",\"item\":\"https:\/\/www.cinquiemesens.com\/\"},{\"@type\":\"ListItem\",\"position\":2,\"name\":\"Shop\",\"item\":\"https:\/\/www.cinquiemesens.com\/en\/shop\/\"},{\"@type\":\"ListItem\",\"position\":3,\"name\":\"Olfactory Kit HERMES &#8220;The Leather note in Perfumery&#8221;\"}]},{\"@type\":\"WebSite\",\"@id\":\"https:\/\/www.cinquiemesens.com\/#website\",\"url\":\"https:\/\/www.cinquiemesens.com\/\",\"name\":\"Cinqui\u00e8me Sens\",\"description\":\"Eveille les \u00e9motions\",\"publisher\":{\"@id\":\"https:\/\/www.cinquiemesens.com\/#organization\"},\"potentialAction\":[{\"@type\":\"SearchAction\",\"target\":{\"@type\":\"EntryPoint\",\"urlTemplate\":\"https:\/\/www.cinquiemesens.com\/?s={search_term_string}\"},\"query-input\":{\"@type\":\"PropertyValueSpecification\",\"valueRequired\":true,\"valueName\":\"search_term_string\"}}],\"inLanguage\":\"en-UK\"},{\"@type\":\"Organization\",\"@id\":\"https:\/\/www.cinquiemesens.com\/#organization\",\"name\":\"Cinqui\u00e8me sens\",\"url\":\"https:\/\/www.cinquiemesens.com\/\",\"logo\":{\"@type\":\"ImageObject\",\"inLanguage\":\"en-UK\",\"@id\":\"https:\/\/www.cinquiemesens.com\/#\/schema\/logo\/image\/\",\"url\":\"https:\/\/www.cinquiemesens.com\/wp-content\/uploads\/logo_cinquieme-sens.svg\",\"contentUrl\":\"https:\/\/www.cinquiemesens.com\/wp-content\/uploads\/logo_cinquieme-sens.svg\",\"width\":1,\"height\":1,\"caption\":\"Cinqui\u00e8me sens\"},\"image\":{\"@id\":\"https:\/\/www.cinquiemesens.com\/#\/schema\/logo\/image\/\"},\"sameAs\":[\"https:\/\/www.facebook.com\/olfactorium?locale=fr_FR\",\"https:\/\/www.instagram.com\/cinquiemesens\/\",\"https:\/\/www.linkedin.com\/company\/cinqui-me-sens\/?viewAsMember=true\"]}]}<\/script>\n<!-- \/ Yoast SEO Premium plugin. -->","yoast_head_json":{"title":"Olfactory Kit HERMES \"The Leather note in Perfumery\" - Cinqui\u00e8me Sens","robots":{"index":"index","follow":"follow","max-snippet":"max-snippet:-1","max-image-preview":"max-image-preview:large","max-video-preview":"max-video-preview:-1"},"canonical":"https:\/\/www.cinquiemesens.com\/en\/shop\/olfactorium-en\/olfactory-kit-hermes-the-leather-note-in-perfumery\/","og_locale":"en_US","og_type":"article","og_title":"Olfactory Kit HERMES \"The Leather note in Perfumery\"","og_description":"\u2022 10 Vials (7 ml)","og_url":"https:\/\/www.cinquiemesens.com\/en\/shop\/olfactorium-en\/olfactory-kit-hermes-the-leather-note-in-perfumery\/","og_site_name":"Cinqui\u00e8me Sens","article_publisher":"https:\/\/www.facebook.com\/olfactorium?locale=fr_FR","article_modified_time":"2025-04-16T09:15:12+00:00","og_image":[{"width":900,"height":345,"url":"https:\/\/www.cinquiemesens.com\/wp-content\/uploads\/Notes-Olfactives_0015_CUIR.png","type":"image\/png"}],"twitter_misc":{"Est. reading time":"1 minute"},"schema":{"@context":"https:\/\/schema.org","@graph":[{"@type":"WebPage","@id":"https:\/\/www.cinquiemesens.com\/en\/shop\/olfactorium-en\/olfactory-kit-hermes-the-leather-note-in-perfumery\/","url":"https:\/\/www.cinquiemesens.com\/en\/shop\/olfactorium-en\/olfactory-kit-hermes-the-leather-note-in-perfumery\/","name":"Olfactory Kit HERMES \"The Leather note in Perfumery\" - Cinqui\u00e8me Sens","isPartOf":{"@id":"https:\/\/www.cinquiemesens.com\/#website"},"primaryImageOfPage":{"@id":"https:\/\/www.cinquiemesens.com\/en\/shop\/olfactorium-en\/olfactory-kit-hermes-the-leather-note-in-perfumery\/#primaryimage"},"image":{"@id":"https:\/\/www.cinquiemesens.com\/en\/shop\/olfactorium-en\/olfactory-kit-hermes-the-leather-note-in-perfumery\/#primaryimage"},"thumbnailUrl":"https:\/\/www.cinquiemesens.com\/wp-content\/uploads\/Notes-Olfactives_0015_CUIR.png","datePublished":"2025-04-12T16:00:54+00:00","dateModified":"2025-04-16T09:15:12+00:00","breadcrumb":{"@id":"https:\/\/www.cinquiemesens.com\/en\/shop\/olfactorium-en\/olfactory-kit-hermes-the-leather-note-in-perfumery\/#breadcrumb"},"inLanguage":"en-UK","potentialAction":[{"@type":"ReadAction","target":["https:\/\/www.cinquiemesens.com\/en\/shop\/olfactorium-en\/olfactory-kit-hermes-the-leather-note-in-perfumery\/"]}]},{"@type":"ImageObject","inLanguage":"en-UK","@id":"https:\/\/www.cinquiemesens.com\/en\/shop\/olfactorium-en\/olfactory-kit-hermes-the-leather-note-in-perfumery\/#primaryimage","url":"https:\/\/www.cinquiemesens.com\/wp-content\/uploads\/Notes-Olfactives_0015_CUIR.png","contentUrl":"https:\/\/www.cinquiemesens.com\/wp-content\/uploads\/Notes-Olfactives_0015_CUIR.png","width":900,"height":345},{"@type":"BreadcrumbList","@id":"https:\/\/www.cinquiemesens.com\/en\/shop\/olfactorium-en\/olfactory-kit-hermes-the-leather-note-in-perfumery\/#breadcrumb","itemListElement":[{"@type":"ListItem","position":1,"name":"Accueil","item":"https:\/\/www.cinquiemesens.com\/"},{"@type":"ListItem","position":2,"name":"Shop","item":"https:\/\/www.cinquiemesens.com\/en\/shop\/"},{"@type":"ListItem","position":3,"name":"Olfactory Kit HERMES &#8220;The Leather note in Perfumery&#8221;"}]},{"@type":"WebSite","@id":"https:\/\/www.cinquiemesens.com\/#website","url":"https:\/\/www.cinquiemesens.com\/","name":"Cinqui\u00e8me Sens","description":"Eveille les \u00e9motions","publisher":{"@id":"https:\/\/www.cinquiemesens.com\/#organization"},"potentialAction":[{"@type":"SearchAction","target":{"@type":"EntryPoint","urlTemplate":"https:\/\/www.cinquiemesens.com\/?s={search_term_string}"},"query-input":{"@type":"PropertyValueSpecification","valueRequired":true,"valueName":"search_term_string"}}],"inLanguage":"en-UK"},{"@type":"Organization","@id":"https:\/\/www.cinquiemesens.com\/#organization","name":"Cinqui\u00e8me sens","url":"https:\/\/www.cinquiemesens.com\/","logo":{"@type":"ImageObject","inLanguage":"en-UK","@id":"https:\/\/www.cinquiemesens.com\/#\/schema\/logo\/image\/","url":"https:\/\/www.cinquiemesens.com\/wp-content\/uploads\/logo_cinquieme-sens.svg","contentUrl":"https:\/\/www.cinquiemesens.com\/wp-content\/uploads\/logo_cinquieme-sens.svg","width":1,"height":1,"caption":"Cinqui\u00e8me sens"},"image":{"@id":"https:\/\/www.cinquiemesens.com\/#\/schema\/logo\/image\/"},"sameAs":["https:\/\/www.facebook.com\/olfactorium?locale=fr_FR","https:\/\/www.instagram.com\/cinquiemesens\/","https:\/\/www.linkedin.com\/company\/cinqui-me-sens\/?viewAsMember=true"]}]}},"_links":{"self":[{"href":"https:\/\/www.cinquiemesens.com\/en\/wp-json\/wp\/v2\/product\/22353","targetHints":{"allow":["GET"]}}],"collection":[{"href":"https:\/\/www.cinquiemesens.com\/en\/wp-json\/wp\/v2\/product"}],"about":[{"href":"https:\/\/www.cinquiemesens.com\/en\/wp-json\/wp\/v2\/types\/product"}],"replies":[{"embeddable":true,"href":"https:\/\/www.cinquiemesens.com\/en\/wp-json\/wp\/v2\/comments?post=22353"}],"wp:featuredmedia":[{"embeddable":true,"href":"https:\/\/www.cinquiemesens.com\/en\/wp-json\/wp\/v2\/media\/22348"}],"wp:attachment":[{"href":"https:\/\/www.cinquiemesens.com\/en\/wp-json\/wp\/v2\/media?parent=22353"}],"wp:term":[{"taxonomy":"product_brand","embeddable":true,"href":"https:\/\/www.cinquiemesens.com\/en\/wp-json\/wp\/v2\/product_brand?post=22353"},{"taxonomy":"product_cat","embeddable":true,"href":"https:\/\/www.cinquiemesens.com\/en\/wp-json\/wp\/v2\/product_cat?post=22353"},{"taxonomy":"product_tag","embeddable":true,"href":"https:\/\/www.cinquiemesens.com\/en\/wp-json\/wp\/v2\/product_tag?post=22353"}],"curies":[{"name":"wp","href":"https:\/\/api.w.org\/{rel}","templated":true}]}}