{"id":2394,"date":"2014-09-07T15:49:35","date_gmt":"2014-09-07T14:49:35","guid":{"rendered":"http:\/\/www.cinquiemesens.com\/boutique\/non-classe\/olfactorium-raw-materials-woody\/"},"modified":"2020-11-25T16:05:56","modified_gmt":"2020-11-25T15:05:56","slug":"olfactorium-matieres-premieres-boisee","status":"publish","type":"product","link":"https:\/\/www.cinquiemesens.com\/en\/shop\/olfactorium-en\/olfactorium-matieres-premieres-boisee\/","title":{"rendered":"Olfactorium &#8211; Woody raw materials"},"content":{"rendered":"<p>An olfactorium that allows you to discover the main natural and synthetic aromatic raw materials in the wood family. (bois sec, bois humide, bois mousse, bois ambr\u00e9s et comparaison de diff\u00e9rentes qualit\u00e9s de bois en fonction des provenances)<\/p>\n<p><strong>Contents<\/strong>:<\/p>\n<ul>\n<li>Olfactorium with 48 x 2.5ml vials (5% alcohol solutions)<\/li>\n<li>Blotters<\/li>\n<\/ul>\n<p><a href=\"\/wp-content\/uploads\/Bois%C3%A9es-MP.pdf\" target=\"_blank\" rel=\"noopener noreferrer\">Download contents list<\/a><\/p>\n<p><strong>The training Kit (optional) includes:<\/strong><\/p>\n<ul>\n<li>An introduction to the aromatic family<\/li>\n<li>Practical exercises to help you learn about the raw materials<\/li>\n<li>Detailed technical sheets for every raw material in the olfactorium<\/li>\n<li>Answer sheet for the exercises<\/li>\n<\/ul>\n","protected":false},"excerpt":{"rendered":"<p>An olfactorium dedicated to an in-depth study of the wood family, containing both natural and synthetic raw materials.<\/p>\n<p>Olfactorium containing 48 vials, and a set of blotters.<\/p>\n<p>If you wish to purchase the corresponding training guide, please visit the \u201ctraining kit\u201d page, where you can order the training guide &amp; olfactorium together.<\/p>\n<p><a href=\"\/wp-content\/uploads\/Bois%C3%A9es-MP.pdf\" target=\"_blank\" rel=\"noopener noreferrer\">Download contents list<\/a><\/p>\n<p><a href=\"mailto:laboratoire@cinquiemesens.com\" target=\"_blank\" rel=\"noopener noreferrer\">Any questions?<\/a> \u2013 Merci d\u2019indiquer votre num\u00e9ro de commande, inscrit sur l\u2019email de confirmation que vous avez re\u00e7u.<\/p>\n","protected":false},"featured_media":2136,"comment_status":"open","ping_status":"closed","template":"","meta":{"_price":"300","_stock":"","_tribe_ticket_header":"","_tribe_default_ticket_provider":"","_tribe_ticket_capacity":"7","_ticket_start_date":"","_ticket_end_date":"","_tribe_ticket_show_description":"","_tribe_ticket_show_not_going":false,"_tribe_ticket_use_global_stock":"","_tribe_ticket_global_stock_level":"","_global_stock_mode":"","_global_stock_cap":"","_tribe_rsvp_for_event":"","_tribe_ticket_going_count":"","_tribe_ticket_not_going_count":"","_tribe_tickets_list":"[]","_tribe_ticket_has_attendee_info_fields":false},"product_brand":[],"product_cat":[73],"product_tag":[],"class_list":{"0":"post-2394","1":"product","2":"type-product","3":"status-publish","4":"has-post-thumbnail","6":"product_cat-olfactorium-en","7":"product_shipping_class-olfactorium-en","8":"pa_categories-olfactorium-en","10":"first","11":"instock","12":"taxable","13":"shipping-taxable","14":"purchasable","15":"product-type-variable"},"exclude_global_add_ons":[],"addons":[],"yoast_head":"<!-- This site is optimized with the Yoast SEO Premium plugin v25.2 (Yoast SEO v25.2) - https:\/\/yoast.com\/wordpress\/plugins\/seo\/ -->\n<title>Olfactorium - Woody raw materials - Cinqui\u00e8me Sens<\/title>\n<meta name=\"robots\" content=\"index, follow, max-snippet:-1, max-image-preview:large, max-video-preview:-1\" \/>\n<link rel=\"canonical\" href=\"https:\/\/www.cinquiemesens.com\/en\/shop\/olfactorium-en\/olfactorium-matieres-premieres-boisee\/\" \/>\n<meta property=\"og:locale\" content=\"en_US\" \/>\n<meta property=\"og:type\" content=\"article\" \/>\n<meta property=\"og:title\" content=\"Olfactorium - Woody raw materials\" \/>\n<meta property=\"og:description\" content=\"An olfactorium dedicated to an in-depth study of the wood family, containing both natural and synthetic raw materials. Olfactorium containing 48 vials, and a set of blotters. If you wish to purchase the corresponding training guide, please visit the \u201ctraining kit\u201d page, where you can order the training guide &amp; olfactorium together. Download contents list Any questions? \u2013 Merci d\u2019indiquer votre num\u00e9ro de commande, inscrit sur l\u2019email de confirmation que vous avez re\u00e7u.\" \/>\n<meta property=\"og:url\" content=\"https:\/\/www.cinquiemesens.com\/en\/shop\/olfactorium-en\/olfactorium-matieres-premieres-boisee\/\" \/>\n<meta property=\"og:site_name\" content=\"Cinqui\u00e8me Sens\" \/>\n<meta property=\"article:publisher\" content=\"https:\/\/www.facebook.com\/olfactorium?locale=fr_FR\" \/>\n<meta property=\"article:modified_time\" content=\"2020-11-25T15:05:56+00:00\" \/>\n<meta property=\"og:image\" content=\"https:\/\/www.cinquiemesens.com\/wp-content\/uploads\/BOISEE.png\" \/>\n\t<meta property=\"og:image:width\" content=\"1000\" \/>\n\t<meta property=\"og:image:height\" content=\"1000\" \/>\n\t<meta property=\"og:image:type\" content=\"image\/png\" \/>\n<script type=\"application\/ld+json\" class=\"yoast-schema-graph\">{\"@context\":\"https:\/\/schema.org\",\"@graph\":[{\"@type\":\"WebPage\",\"@id\":\"https:\/\/www.cinquiemesens.com\/en\/shop\/olfactorium-en\/olfactorium-matieres-premieres-boisee\/\",\"url\":\"https:\/\/www.cinquiemesens.com\/en\/shop\/olfactorium-en\/olfactorium-matieres-premieres-boisee\/\",\"name\":\"Olfactorium - Woody raw materials - Cinqui\u00e8me Sens\",\"isPartOf\":{\"@id\":\"https:\/\/www.cinquiemesens.com\/#website\"},\"primaryImageOfPage\":{\"@id\":\"https:\/\/www.cinquiemesens.com\/en\/shop\/olfactorium-en\/olfactorium-matieres-premieres-boisee\/#primaryimage\"},\"image\":{\"@id\":\"https:\/\/www.cinquiemesens.com\/en\/shop\/olfactorium-en\/olfactorium-matieres-premieres-boisee\/#primaryimage\"},\"thumbnailUrl\":\"https:\/\/www.cinquiemesens.com\/wp-content\/uploads\/BOISEE.png\",\"datePublished\":\"2014-09-07T14:49:35+00:00\",\"dateModified\":\"2020-11-25T15:05:56+00:00\",\"breadcrumb\":{\"@id\":\"https:\/\/www.cinquiemesens.com\/en\/shop\/olfactorium-en\/olfactorium-matieres-premieres-boisee\/#breadcrumb\"},\"inLanguage\":\"en-UK\",\"potentialAction\":[{\"@type\":\"ReadAction\",\"target\":[\"https:\/\/www.cinquiemesens.com\/en\/shop\/olfactorium-en\/olfactorium-matieres-premieres-boisee\/\"]}]},{\"@type\":\"ImageObject\",\"inLanguage\":\"en-UK\",\"@id\":\"https:\/\/www.cinquiemesens.com\/en\/shop\/olfactorium-en\/olfactorium-matieres-premieres-boisee\/#primaryimage\",\"url\":\"https:\/\/www.cinquiemesens.com\/wp-content\/uploads\/BOISEE.png\",\"contentUrl\":\"https:\/\/www.cinquiemesens.com\/wp-content\/uploads\/BOISEE.png\",\"width\":1000,\"height\":1000},{\"@type\":\"BreadcrumbList\",\"@id\":\"https:\/\/www.cinquiemesens.com\/en\/shop\/olfactorium-en\/olfactorium-matieres-premieres-boisee\/#breadcrumb\",\"itemListElement\":[{\"@type\":\"ListItem\",\"position\":1,\"name\":\"Accueil\",\"item\":\"https:\/\/www.cinquiemesens.com\/\"},{\"@type\":\"ListItem\",\"position\":2,\"name\":\"Shop\",\"item\":\"https:\/\/www.cinquiemesens.com\/en\/shop\/\"},{\"@type\":\"ListItem\",\"position\":3,\"name\":\"Olfactorium &#8211; Woody raw materials\"}]},{\"@type\":\"WebSite\",\"@id\":\"https:\/\/www.cinquiemesens.com\/#website\",\"url\":\"https:\/\/www.cinquiemesens.com\/\",\"name\":\"Cinqui\u00e8me Sens\",\"description\":\"Eveille les \u00e9motions\",\"publisher\":{\"@id\":\"https:\/\/www.cinquiemesens.com\/#organization\"},\"potentialAction\":[{\"@type\":\"SearchAction\",\"target\":{\"@type\":\"EntryPoint\",\"urlTemplate\":\"https:\/\/www.cinquiemesens.com\/?s={search_term_string}\"},\"query-input\":{\"@type\":\"PropertyValueSpecification\",\"valueRequired\":true,\"valueName\":\"search_term_string\"}}],\"inLanguage\":\"en-UK\"},{\"@type\":\"Organization\",\"@id\":\"https:\/\/www.cinquiemesens.com\/#organization\",\"name\":\"Cinqui\u00e8me sens\",\"url\":\"https:\/\/www.cinquiemesens.com\/\",\"logo\":{\"@type\":\"ImageObject\",\"inLanguage\":\"en-UK\",\"@id\":\"https:\/\/www.cinquiemesens.com\/#\/schema\/logo\/image\/\",\"url\":\"https:\/\/www.cinquiemesens.com\/wp-content\/uploads\/logo_cinquieme-sens.svg\",\"contentUrl\":\"https:\/\/www.cinquiemesens.com\/wp-content\/uploads\/logo_cinquieme-sens.svg\",\"width\":1,\"height\":1,\"caption\":\"Cinqui\u00e8me sens\"},\"image\":{\"@id\":\"https:\/\/www.cinquiemesens.com\/#\/schema\/logo\/image\/\"},\"sameAs\":[\"https:\/\/www.facebook.com\/olfactorium?locale=fr_FR\",\"https:\/\/www.instagram.com\/cinquiemesens\/\",\"https:\/\/www.linkedin.com\/company\/cinqui-me-sens\/?viewAsMember=true\"]}]}<\/script>\n<!-- \/ Yoast SEO Premium plugin. -->","yoast_head_json":{"title":"Olfactorium - Woody raw materials - Cinqui\u00e8me Sens","robots":{"index":"index","follow":"follow","max-snippet":"max-snippet:-1","max-image-preview":"max-image-preview:large","max-video-preview":"max-video-preview:-1"},"canonical":"https:\/\/www.cinquiemesens.com\/en\/shop\/olfactorium-en\/olfactorium-matieres-premieres-boisee\/","og_locale":"en_US","og_type":"article","og_title":"Olfactorium - Woody raw materials","og_description":"An olfactorium dedicated to an in-depth study of the wood family, containing both natural and synthetic raw materials. Olfactorium containing 48 vials, and a set of blotters. If you wish to purchase the corresponding training guide, please visit the \u201ctraining kit\u201d page, where you can order the training guide &amp; olfactorium together. Download contents list Any questions? \u2013 Merci d\u2019indiquer votre num\u00e9ro de commande, inscrit sur l\u2019email de confirmation que vous avez re\u00e7u.","og_url":"https:\/\/www.cinquiemesens.com\/en\/shop\/olfactorium-en\/olfactorium-matieres-premieres-boisee\/","og_site_name":"Cinqui\u00e8me Sens","article_publisher":"https:\/\/www.facebook.com\/olfactorium?locale=fr_FR","article_modified_time":"2020-11-25T15:05:56+00:00","og_image":[{"width":1000,"height":1000,"url":"https:\/\/www.cinquiemesens.com\/wp-content\/uploads\/BOISEE.png","type":"image\/png"}],"schema":{"@context":"https:\/\/schema.org","@graph":[{"@type":"WebPage","@id":"https:\/\/www.cinquiemesens.com\/en\/shop\/olfactorium-en\/olfactorium-matieres-premieres-boisee\/","url":"https:\/\/www.cinquiemesens.com\/en\/shop\/olfactorium-en\/olfactorium-matieres-premieres-boisee\/","name":"Olfactorium - Woody raw materials - Cinqui\u00e8me Sens","isPartOf":{"@id":"https:\/\/www.cinquiemesens.com\/#website"},"primaryImageOfPage":{"@id":"https:\/\/www.cinquiemesens.com\/en\/shop\/olfactorium-en\/olfactorium-matieres-premieres-boisee\/#primaryimage"},"image":{"@id":"https:\/\/www.cinquiemesens.com\/en\/shop\/olfactorium-en\/olfactorium-matieres-premieres-boisee\/#primaryimage"},"thumbnailUrl":"https:\/\/www.cinquiemesens.com\/wp-content\/uploads\/BOISEE.png","datePublished":"2014-09-07T14:49:35+00:00","dateModified":"2020-11-25T15:05:56+00:00","breadcrumb":{"@id":"https:\/\/www.cinquiemesens.com\/en\/shop\/olfactorium-en\/olfactorium-matieres-premieres-boisee\/#breadcrumb"},"inLanguage":"en-UK","potentialAction":[{"@type":"ReadAction","target":["https:\/\/www.cinquiemesens.com\/en\/shop\/olfactorium-en\/olfactorium-matieres-premieres-boisee\/"]}]},{"@type":"ImageObject","inLanguage":"en-UK","@id":"https:\/\/www.cinquiemesens.com\/en\/shop\/olfactorium-en\/olfactorium-matieres-premieres-boisee\/#primaryimage","url":"https:\/\/www.cinquiemesens.com\/wp-content\/uploads\/BOISEE.png","contentUrl":"https:\/\/www.cinquiemesens.com\/wp-content\/uploads\/BOISEE.png","width":1000,"height":1000},{"@type":"BreadcrumbList","@id":"https:\/\/www.cinquiemesens.com\/en\/shop\/olfactorium-en\/olfactorium-matieres-premieres-boisee\/#breadcrumb","itemListElement":[{"@type":"ListItem","position":1,"name":"Accueil","item":"https:\/\/www.cinquiemesens.com\/"},{"@type":"ListItem","position":2,"name":"Shop","item":"https:\/\/www.cinquiemesens.com\/en\/shop\/"},{"@type":"ListItem","position":3,"name":"Olfactorium &#8211; Woody raw materials"}]},{"@type":"WebSite","@id":"https:\/\/www.cinquiemesens.com\/#website","url":"https:\/\/www.cinquiemesens.com\/","name":"Cinqui\u00e8me Sens","description":"Eveille les \u00e9motions","publisher":{"@id":"https:\/\/www.cinquiemesens.com\/#organization"},"potentialAction":[{"@type":"SearchAction","target":{"@type":"EntryPoint","urlTemplate":"https:\/\/www.cinquiemesens.com\/?s={search_term_string}"},"query-input":{"@type":"PropertyValueSpecification","valueRequired":true,"valueName":"search_term_string"}}],"inLanguage":"en-UK"},{"@type":"Organization","@id":"https:\/\/www.cinquiemesens.com\/#organization","name":"Cinqui\u00e8me sens","url":"https:\/\/www.cinquiemesens.com\/","logo":{"@type":"ImageObject","inLanguage":"en-UK","@id":"https:\/\/www.cinquiemesens.com\/#\/schema\/logo\/image\/","url":"https:\/\/www.cinquiemesens.com\/wp-content\/uploads\/logo_cinquieme-sens.svg","contentUrl":"https:\/\/www.cinquiemesens.com\/wp-content\/uploads\/logo_cinquieme-sens.svg","width":1,"height":1,"caption":"Cinqui\u00e8me sens"},"image":{"@id":"https:\/\/www.cinquiemesens.com\/#\/schema\/logo\/image\/"},"sameAs":["https:\/\/www.facebook.com\/olfactorium?locale=fr_FR","https:\/\/www.instagram.com\/cinquiemesens\/","https:\/\/www.linkedin.com\/company\/cinqui-me-sens\/?viewAsMember=true"]}]}},"_links":{"self":[{"href":"https:\/\/www.cinquiemesens.com\/en\/wp-json\/wp\/v2\/product\/2394","targetHints":{"allow":["GET"]}}],"collection":[{"href":"https:\/\/www.cinquiemesens.com\/en\/wp-json\/wp\/v2\/product"}],"about":[{"href":"https:\/\/www.cinquiemesens.com\/en\/wp-json\/wp\/v2\/types\/product"}],"replies":[{"embeddable":true,"href":"https:\/\/www.cinquiemesens.com\/en\/wp-json\/wp\/v2\/comments?post=2394"}],"wp:featuredmedia":[{"embeddable":true,"href":"https:\/\/www.cinquiemesens.com\/en\/wp-json\/wp\/v2\/media\/2136"}],"wp:attachment":[{"href":"https:\/\/www.cinquiemesens.com\/en\/wp-json\/wp\/v2\/media?parent=2394"}],"wp:term":[{"taxonomy":"product_brand","embeddable":true,"href":"https:\/\/www.cinquiemesens.com\/en\/wp-json\/wp\/v2\/product_brand?post=2394"},{"taxonomy":"product_cat","embeddable":true,"href":"https:\/\/www.cinquiemesens.com\/en\/wp-json\/wp\/v2\/product_cat?post=2394"},{"taxonomy":"product_tag","embeddable":true,"href":"https:\/\/www.cinquiemesens.com\/en\/wp-json\/wp\/v2\/product_tag?post=2394"}],"curies":[{"name":"wp","href":"https:\/\/api.w.org\/{rel}","templated":true}]}}