{"id":2902,"date":"2014-11-14T16:00:52","date_gmt":"2014-11-14T15:00:52","guid":{"rendered":"http:\/\/www.cinquiemesens.com\/boutique\/non-classe\/creation-de-parfum\/"},"modified":"2022-02-10T11:59:46","modified_gmt":"2022-02-10T10:59:46","slug":"creation-de-parfum","status":"publish","type":"product","link":"https:\/\/www.cinquiemesens.com\/en\/shop\/pedagogical-kit\/creation-de-parfum\/","title":{"rendered":"Cr\u00e9ation de parfum"},"content":{"rendered":"","protected":false},"excerpt":{"rendered":"","protected":false},"featured_media":9224,"comment_status":"open","ping_status":"closed","template":"","meta":{"_price":"660","_stock":"","_tribe_ticket_header":"","_tribe_default_ticket_provider":"","_tribe_ticket_capacity":"704","_ticket_start_date":"","_ticket_end_date":"","_tribe_ticket_show_description":"","_tribe_ticket_show_not_going":false,"_tribe_ticket_use_global_stock":"","_tribe_ticket_global_stock_level":"","_global_stock_mode":"","_global_stock_cap":"","_tribe_rsvp_for_event":"","_tribe_ticket_going_count":"","_tribe_ticket_not_going_count":"","_tribe_tickets_list":"[]","_tribe_ticket_has_attendee_info_fields":false},"product_brand":[],"product_cat":[71],"product_tag":[],"class_list":{"0":"post-2902","1":"product","2":"type-product","3":"status-publish","4":"has-post-thumbnail","6":"product_cat-pedagogical-kit","7":"product_shipping_class-no-shipping-costs","9":"first","10":"instock","11":"virtual","12":"taxable","13":"purchasable","14":"product-type-simple"},"exclude_global_add_ons":[],"addons":[],"yoast_head":"<!-- This site is optimized with the Yoast SEO Premium plugin v25.2 (Yoast SEO v25.2) - https:\/\/yoast.com\/wordpress\/plugins\/seo\/ -->\n<title>Cr\u00e9ation de parfum - Cinqui\u00e8me Sens<\/title>\n<meta name=\"description\" content=\"CR\u00c9ATION DE PARFUM : Venez composer votre parfum \u00e0 deux pas de la Tour Eiffel ou \u00e0 Grassenau coeur de la capitale du parfum!\" \/>\n<meta name=\"robots\" content=\"index, follow, max-snippet:-1, max-image-preview:large, max-video-preview:-1\" \/>\n<link rel=\"canonical\" href=\"https:\/\/www.cinquiemesens.com\/?post_type=product&p=936\" \/>\n<meta property=\"og:locale\" content=\"en_US\" \/>\n<meta property=\"og:type\" content=\"article\" \/>\n<meta property=\"og:title\" content=\"Cr\u00e9ation de parfum\" \/>\n<meta property=\"og:description\" content=\"CR\u00c9ATION DE PARFUM : Venez composer votre parfum \u00e0 deux pas de la Tour Eiffel ou \u00e0 Grassenau coeur de la capitale du parfum!\" \/>\n<meta property=\"og:url\" content=\"https:\/\/www.cinquiemesens.com\/?post_type=product&amp;p=936\" \/>\n<meta property=\"og:site_name\" content=\"Cinqui\u00e8me Sens\" \/>\n<meta property=\"article:publisher\" content=\"https:\/\/www.facebook.com\/olfactorium?locale=fr_FR\" \/>\n<meta property=\"article:modified_time\" content=\"2022-02-10T10:59:46+00:00\" \/>\n<meta property=\"og:image\" content=\"https:\/\/www.cinquiemesens.com\/wp-content\/uploads\/Formation.png\" \/>\n\t<meta property=\"og:image:width\" content=\"539\" \/>\n\t<meta property=\"og:image:height\" content=\"770\" \/>\n\t<meta property=\"og:image:type\" content=\"image\/png\" \/>\n<script type=\"application\/ld+json\" class=\"yoast-schema-graph\">{\"@context\":\"https:\/\/schema.org\",\"@graph\":[{\"@type\":\"WebPage\",\"@id\":\"https:\/\/www.cinquiemesens.com\/?post_type=product&p=936\",\"url\":\"https:\/\/www.cinquiemesens.com\/?post_type=product&p=936\",\"name\":\"Cr\u00e9ation de parfum - Cinqui\u00e8me Sens\",\"isPartOf\":{\"@id\":\"https:\/\/www.cinquiemesens.com\/#website\"},\"primaryImageOfPage\":{\"@id\":\"https:\/\/www.cinquiemesens.com\/?post_type=product&p=936#primaryimage\"},\"image\":{\"@id\":\"https:\/\/www.cinquiemesens.com\/?post_type=product&p=936#primaryimage\"},\"thumbnailUrl\":\"https:\/\/www.cinquiemesens.com\/wp-content\/uploads\/Formation.png\",\"datePublished\":\"2014-11-14T15:00:52+00:00\",\"dateModified\":\"2022-02-10T10:59:46+00:00\",\"description\":\"CR\u00c9ATION DE PARFUM : Venez composer votre parfum \u00e0 deux pas de la Tour Eiffel ou \u00e0 Grassenau coeur de la capitale du parfum!\",\"breadcrumb\":{\"@id\":\"https:\/\/www.cinquiemesens.com\/?post_type=product&p=936#breadcrumb\"},\"inLanguage\":\"en-UK\",\"potentialAction\":[{\"@type\":\"ReadAction\",\"target\":[\"https:\/\/www.cinquiemesens.com\/?post_type=product&p=936\"]}]},{\"@type\":\"ImageObject\",\"inLanguage\":\"en-UK\",\"@id\":\"https:\/\/www.cinquiemesens.com\/?post_type=product&p=936#primaryimage\",\"url\":\"https:\/\/www.cinquiemesens.com\/wp-content\/uploads\/Formation.png\",\"contentUrl\":\"https:\/\/www.cinquiemesens.com\/wp-content\/uploads\/Formation.png\",\"width\":539,\"height\":770},{\"@type\":\"BreadcrumbList\",\"@id\":\"https:\/\/www.cinquiemesens.com\/?post_type=product&p=936#breadcrumb\",\"itemListElement\":[{\"@type\":\"ListItem\",\"position\":1,\"name\":\"Accueil\",\"item\":\"https:\/\/www.cinquiemesens.com\/\"},{\"@type\":\"ListItem\",\"position\":2,\"name\":\"Shop\",\"item\":\"https:\/\/www.cinquiemesens.com\/en\/shop\/\"},{\"@type\":\"ListItem\",\"position\":3,\"name\":\"Cr\u00e9ation de parfum\"}]},{\"@type\":\"WebSite\",\"@id\":\"https:\/\/www.cinquiemesens.com\/#website\",\"url\":\"https:\/\/www.cinquiemesens.com\/\",\"name\":\"Cinqui\u00e8me Sens\",\"description\":\"Eveille les \u00e9motions\",\"publisher\":{\"@id\":\"https:\/\/www.cinquiemesens.com\/#organization\"},\"potentialAction\":[{\"@type\":\"SearchAction\",\"target\":{\"@type\":\"EntryPoint\",\"urlTemplate\":\"https:\/\/www.cinquiemesens.com\/?s={search_term_string}\"},\"query-input\":{\"@type\":\"PropertyValueSpecification\",\"valueRequired\":true,\"valueName\":\"search_term_string\"}}],\"inLanguage\":\"en-UK\"},{\"@type\":\"Organization\",\"@id\":\"https:\/\/www.cinquiemesens.com\/#organization\",\"name\":\"Cinqui\u00e8me sens\",\"url\":\"https:\/\/www.cinquiemesens.com\/\",\"logo\":{\"@type\":\"ImageObject\",\"inLanguage\":\"en-UK\",\"@id\":\"https:\/\/www.cinquiemesens.com\/#\/schema\/logo\/image\/\",\"url\":\"https:\/\/www.cinquiemesens.com\/wp-content\/uploads\/logo_cinquieme-sens.svg\",\"contentUrl\":\"https:\/\/www.cinquiemesens.com\/wp-content\/uploads\/logo_cinquieme-sens.svg\",\"width\":1,\"height\":1,\"caption\":\"Cinqui\u00e8me sens\"},\"image\":{\"@id\":\"https:\/\/www.cinquiemesens.com\/#\/schema\/logo\/image\/\"},\"sameAs\":[\"https:\/\/www.facebook.com\/olfactorium?locale=fr_FR\",\"https:\/\/www.instagram.com\/cinquiemesens\/\",\"https:\/\/www.linkedin.com\/company\/cinqui-me-sens\/?viewAsMember=true\"]}]}<\/script>\n<!-- \/ Yoast SEO Premium plugin. -->","yoast_head_json":{"title":"Cr\u00e9ation de parfum - Cinqui\u00e8me Sens","description":"CR\u00c9ATION DE PARFUM : Venez composer votre parfum \u00e0 deux pas de la Tour Eiffel ou \u00e0 Grassenau coeur de la capitale du parfum!","robots":{"index":"index","follow":"follow","max-snippet":"max-snippet:-1","max-image-preview":"max-image-preview:large","max-video-preview":"max-video-preview:-1"},"canonical":"https:\/\/www.cinquiemesens.com\/?post_type=product&p=936","og_locale":"en_US","og_type":"article","og_title":"Cr\u00e9ation de parfum","og_description":"CR\u00c9ATION DE PARFUM : Venez composer votre parfum \u00e0 deux pas de la Tour Eiffel ou \u00e0 Grassenau coeur de la capitale du parfum!","og_url":"https:\/\/www.cinquiemesens.com\/?post_type=product&p=936","og_site_name":"Cinqui\u00e8me Sens","article_publisher":"https:\/\/www.facebook.com\/olfactorium?locale=fr_FR","article_modified_time":"2022-02-10T10:59:46+00:00","og_image":[{"width":539,"height":770,"url":"https:\/\/www.cinquiemesens.com\/wp-content\/uploads\/Formation.png","type":"image\/png"}],"schema":{"@context":"https:\/\/schema.org","@graph":[{"@type":"WebPage","@id":"https:\/\/www.cinquiemesens.com\/?post_type=product&p=936","url":"https:\/\/www.cinquiemesens.com\/?post_type=product&p=936","name":"Cr\u00e9ation de parfum - Cinqui\u00e8me Sens","isPartOf":{"@id":"https:\/\/www.cinquiemesens.com\/#website"},"primaryImageOfPage":{"@id":"https:\/\/www.cinquiemesens.com\/?post_type=product&p=936#primaryimage"},"image":{"@id":"https:\/\/www.cinquiemesens.com\/?post_type=product&p=936#primaryimage"},"thumbnailUrl":"https:\/\/www.cinquiemesens.com\/wp-content\/uploads\/Formation.png","datePublished":"2014-11-14T15:00:52+00:00","dateModified":"2022-02-10T10:59:46+00:00","description":"CR\u00c9ATION DE PARFUM : Venez composer votre parfum \u00e0 deux pas de la Tour Eiffel ou \u00e0 Grassenau coeur de la capitale du parfum!","breadcrumb":{"@id":"https:\/\/www.cinquiemesens.com\/?post_type=product&p=936#breadcrumb"},"inLanguage":"en-UK","potentialAction":[{"@type":"ReadAction","target":["https:\/\/www.cinquiemesens.com\/?post_type=product&p=936"]}]},{"@type":"ImageObject","inLanguage":"en-UK","@id":"https:\/\/www.cinquiemesens.com\/?post_type=product&p=936#primaryimage","url":"https:\/\/www.cinquiemesens.com\/wp-content\/uploads\/Formation.png","contentUrl":"https:\/\/www.cinquiemesens.com\/wp-content\/uploads\/Formation.png","width":539,"height":770},{"@type":"BreadcrumbList","@id":"https:\/\/www.cinquiemesens.com\/?post_type=product&p=936#breadcrumb","itemListElement":[{"@type":"ListItem","position":1,"name":"Accueil","item":"https:\/\/www.cinquiemesens.com\/"},{"@type":"ListItem","position":2,"name":"Shop","item":"https:\/\/www.cinquiemesens.com\/en\/shop\/"},{"@type":"ListItem","position":3,"name":"Cr\u00e9ation de parfum"}]},{"@type":"WebSite","@id":"https:\/\/www.cinquiemesens.com\/#website","url":"https:\/\/www.cinquiemesens.com\/","name":"Cinqui\u00e8me Sens","description":"Eveille les \u00e9motions","publisher":{"@id":"https:\/\/www.cinquiemesens.com\/#organization"},"potentialAction":[{"@type":"SearchAction","target":{"@type":"EntryPoint","urlTemplate":"https:\/\/www.cinquiemesens.com\/?s={search_term_string}"},"query-input":{"@type":"PropertyValueSpecification","valueRequired":true,"valueName":"search_term_string"}}],"inLanguage":"en-UK"},{"@type":"Organization","@id":"https:\/\/www.cinquiemesens.com\/#organization","name":"Cinqui\u00e8me sens","url":"https:\/\/www.cinquiemesens.com\/","logo":{"@type":"ImageObject","inLanguage":"en-UK","@id":"https:\/\/www.cinquiemesens.com\/#\/schema\/logo\/image\/","url":"https:\/\/www.cinquiemesens.com\/wp-content\/uploads\/logo_cinquieme-sens.svg","contentUrl":"https:\/\/www.cinquiemesens.com\/wp-content\/uploads\/logo_cinquieme-sens.svg","width":1,"height":1,"caption":"Cinqui\u00e8me sens"},"image":{"@id":"https:\/\/www.cinquiemesens.com\/#\/schema\/logo\/image\/"},"sameAs":["https:\/\/www.facebook.com\/olfactorium?locale=fr_FR","https:\/\/www.instagram.com\/cinquiemesens\/","https:\/\/www.linkedin.com\/company\/cinqui-me-sens\/?viewAsMember=true"]}]}},"_links":{"self":[{"href":"https:\/\/www.cinquiemesens.com\/en\/wp-json\/wp\/v2\/product\/2902","targetHints":{"allow":["GET"]}}],"collection":[{"href":"https:\/\/www.cinquiemesens.com\/en\/wp-json\/wp\/v2\/product"}],"about":[{"href":"https:\/\/www.cinquiemesens.com\/en\/wp-json\/wp\/v2\/types\/product"}],"replies":[{"embeddable":true,"href":"https:\/\/www.cinquiemesens.com\/en\/wp-json\/wp\/v2\/comments?post=2902"}],"wp:featuredmedia":[{"embeddable":true,"href":"https:\/\/www.cinquiemesens.com\/en\/wp-json\/wp\/v2\/media\/9224"}],"wp:attachment":[{"href":"https:\/\/www.cinquiemesens.com\/en\/wp-json\/wp\/v2\/media?parent=2902"}],"wp:term":[{"taxonomy":"product_brand","embeddable":true,"href":"https:\/\/www.cinquiemesens.com\/en\/wp-json\/wp\/v2\/product_brand?post=2902"},{"taxonomy":"product_cat","embeddable":true,"href":"https:\/\/www.cinquiemesens.com\/en\/wp-json\/wp\/v2\/product_cat?post=2902"},{"taxonomy":"product_tag","embeddable":true,"href":"https:\/\/www.cinquiemesens.com\/en\/wp-json\/wp\/v2\/product_tag?post=2902"}],"curies":[{"name":"wp","href":"https:\/\/api.w.org\/{rel}","templated":true}]}}